{"id":11,"date":"2025-02-15T08:45:05","date_gmt":"2025-02-15T08:45:05","guid":{"rendered":"https:\/\/az-haushaltsaufloesung.de\/?page_id=11"},"modified":"2025-02-15T16:35:39","modified_gmt":"2025-02-15T16:35:39","slug":"az","status":"publish","type":"page","link":"https:\/\/az-haushaltsaufloesung.de\/","title":{"rendered":"Home"},"content":{"rendered":"\t\t<div data-elementor-type=\"wp-page\" data-elementor-id=\"11\" class=\"elementor elementor-11\" data-elementor-post-type=\"page\">\n\t\t\t\t<div class=\"elementor-element elementor-element-7ccabe8 e-flex e-con-boxed e-con e-parent\" data-id=\"7ccabe8\" data-element_type=\"container\">\n\t\t\t\t\t<div class=\"e-con-inner\">\n\t\t<div class=\"elementor-element elementor-element-43780e2 e-con-full e-flex e-con e-child\" data-id=\"43780e2\" data-element_type=\"container\">\n\t\t\t\t<div class=\"elementor-element elementor-element-6554d14 elementor-widget elementor-widget-text-editor\" data-id=\"6554d14\" data-element_type=\"widget\" data-widget_type=\"text-editor.default\">\n\t\t\t\t<div class=\"elementor-widget-container\">\n\t\t\t\t\t\t\t\t\t<h5>Ihr Partner f\u00fcr Haushalstaufl\u00f6sung, Entr\u00fcmpelungen und Wertberechnung<\/h5>\t\t\t\t\t\t\t\t<\/div>\n\t\t\t\t<\/div>\n\t\t\t\t<div class=\"elementor-element elementor-element-71cba74 elementor-widget elementor-widget-button\" data-id=\"71cba74\" data-element_type=\"widget\" data-widget_type=\"button.default\">\n\t\t\t\t<div class=\"elementor-widget-container\">\n\t\t\t\t\t\t\t\t\t<div class=\"elementor-button-wrapper\">\n\t\t\t\t\t<a class=\"elementor-button elementor-button-link elementor-size-sm\" href=\"tel:+4915781771211\">\n\t\t\t\t\t\t<span class=\"elementor-button-content-wrapper\">\n\t\t\t\t\t\t\t\t\t<span class=\"elementor-button-text\">Jetzt anrufen<\/span>\n\t\t\t\t\t<\/span>\n\t\t\t\t\t<\/a>\n\t\t\t\t<\/div>\n\t\t\t\t\t\t\t\t<\/div>\n\t\t\t\t<\/div>\n\t\t\t\t<\/div>\n\t\t<div class=\"elementor-element elementor-element-b86d88b e-con-full e-flex e-con e-child\" data-id=\"b86d88b\" data-element_type=\"container\">\n\t\t\t\t<div class=\"elementor-element elementor-element-9ea7123 elementor-widget-mobile__width-initial elementor-widget elementor-widget-text-editor\" data-id=\"9ea7123\" data-element_type=\"widget\" data-widget_type=\"text-editor.default\">\n\t\t\t\t<div class=\"elementor-widget-container\">\n\t\t\t\t\t\t\t\t\t<h2 class=\"sqrpara\">Haushaltsaufl\u00f6sungen aus Krefeld<\/h2>\t\t\t\t\t\t\t\t<\/div>\n\t\t\t\t<\/div>\n\t\t\t\t<\/div>\n\t\t<div class=\"elementor-element elementor-element-fed159a e-con-full e-flex e-con e-child\" data-id=\"fed159a\" data-element_type=\"container\">\n\t\t\t\t<div class=\"elementor-element elementor-element-a75bc14 elementor-widget elementor-widget-text-editor\" data-id=\"a75bc14\" data-element_type=\"widget\" data-widget_type=\"text-editor.default\">\n\t\t\t\t<div class=\"elementor-widget-container\">\n\t\t\t\t\t\t\t\t\t<p><b> Wohnungsaufl\u00f6sungen in Krefeld und Umgebung \u2013 verlassen Sie sich auf einen Profi!<br \/><img fetchpriority=\"high\" decoding=\"async\" class=\"wp-image-113 size-full alignright\" src=\"https:\/\/az-haushaltsaufloesung.de\/wordpress\/wp-content\/uploads\/2025\/02\/e3-obe5lzo86spta4iauk3gffc2ji65wxjhv36mt96v40.jpg\" alt=\"\" width=\"422\" height=\"440\" srcset=\"https:\/\/az-haushaltsaufloesung.de\/wordpress\/wp-content\/uploads\/2025\/02\/e3-obe5lzo86spta4iauk3gffc2ji65wxjhv36mt96v40.jpg 422w, https:\/\/az-haushaltsaufloesung.de\/wordpress\/wp-content\/uploads\/2025\/02\/e3-obe5lzo86spta4iauk3gffc2ji65wxjhv36mt96v40-288x300.jpg 288w\" sizes=\"(max-width: 422px) 100vw, 422px\" \/><br \/><\/b>Im Laufe der Zeit sammeln sich eine Menge M\u00f6belst\u00fccke und Gegenst\u00e4nde im Haushalt an. Mit den Jahren wird der Keller oder Dachboden immer voller und man verliert den \u00dcberblick \u00fcber die Dinge, die sich angesammelt haben. Wenn ein Haushalt aufgel\u00f6st werden muss, ist dies mit einem gro\u00dfen Aufwand verbunden. Nicht nur die Wohnung oder das Haus muss leer ger\u00e4umt werden, auch weitere Aufgaben m\u00fcssen in diesem Zuge erledigt werden. Wesentlich einfacher gestaltet sich die Wohnungsaufl\u00f6sungen im Raum Krefeld, wenn Sie einen kompetenten und professionellen Partner an Ihrer Seite haben, der die Entr\u00fcmpelung und Haushaltsaufl\u00f6sung im Kreis Krefeld f\u00fcr Sie \u00fcbernimmt.<\/p><p><b>Welche Vorteile bietet eine professionelle Hausentr\u00fcmpelung?<br \/><\/b>Eine Wohnungsentr\u00fcmpelung in Krefeld und Umgebung ist nicht nur aus k\u00f6rperlicher Sicht eine Herausforderung. F\u00fcr Menschen, die einen geliebten Angeh\u00f6rigen verloren haben, stellt die Entr\u00fcmpelung auch eine seelische Belastung dar. Zudem haben die Angeh\u00f6rigen h\u00e4ufig auch nicht die Zeit, um sich um alles alleine k\u00fcmmern zu k\u00f6nnen. Neben der Aufl\u00f6sung der Wohnung m\u00fcssen die Hinterbliebenen zum Beispiel auch Beh\u00f6rdeng\u00e4nge erledigen und Versicherungen des Verstorbenen k\u00fcndigen. Da diese Schritte allein schon sehr zeitintensiv sind, empfiehlt es sich an einen Dienstleister zu wenden, der die Wohnungsaufl\u00f6sungen f\u00fcr Sie im Umkreis Krefeld erledigt. Wir stehen Ihnen gerne bei allen Fragen rund um das Thema Haushaltsaufl\u00f6sungen im Raum Krefeld zur Verf\u00fcgung.<\/p><p><b>Wie l\u00e4uft eine Haushaltsentr\u00fcmpelung ab?<br \/><\/b>Der Aufwand ist von Wohnung zu Wohnung verschieden. Aus diesem Grund wird vor den Entr\u00fcmpelungen zun\u00e4chst ein Besichtigungstermin vereinbart, um die Einzelheiten an Ort und Stelle besprechen zu k\u00f6nnen. Anhand der Besichtigung k\u00f6nnen wir Ihnen ein individuelles Angebot unterbreiten, das auf Ihre Anspr\u00fcche zugeschnitten ist. Au\u00dferdem k\u00f6nnen Sie sich auf diese Weise ein Bild von uns und unserem Service machen und bekommen einen ersten Eindruck von unserer Arbeitsweise. Hausentr\u00fcmpelungen im Raum Krefeld sind Vertrauenssache!<\/p><p><b>Wer k\u00fcmmert sich um die M\u00fcllentsorgung?<br \/><\/b>Mit den Jahren sammeln sich in einem Haushalt verschiedene M\u00f6belst\u00fccke, Haushaltsger\u00e4te und andere Gegenst\u00e4nde an, die entweder defekt sind oder nicht mehr ben\u00f6tigt werden. Nicht alles kann einfach \u00fcber den Sperrm\u00fcll entsorgt werden. Je nach Art des Abfalls m\u00fcssen verschiedene Regelungen beachtet werden. \u00dcberlassen Sie die Entr\u00fcmpelungen einen Profi. Wir \u00fcbernehmen nicht nur Haushaltsaufl\u00f6sung im Kreis Krefeld, sondern auch die anschlie\u00dfende fachgerechte Entsorgung.<\/p>\t\t\t\t\t\t\t\t<\/div>\n\t\t\t\t<\/div>\n\t\t\t\t<\/div>\n\t\t\t\t\t<\/div>\n\t\t\t\t<\/div>\n\t\t\t\t<\/div>\n\t\t","protected":false},"excerpt":{"rendered":"<p>Ihr Partner f\u00fcr Haushalstaufl\u00f6sung, Entr\u00fcmpelungen und Wertberechnung Jetzt anrufen Haushaltsaufl\u00f6sungen aus Krefeld Wohnungsaufl\u00f6sungen in Krefeld und Umgebung \u2013 verlassen Sie sich auf einen Profi!Im Laufe der Zeit sammeln sich eine Menge M\u00f6belst\u00fccke und Gegenst\u00e4nde im Haushalt an. Mit den Jahren wird der Keller oder Dachboden immer voller und man verliert den \u00dcberblick \u00fcber die Dinge, [&hellip;]<\/p>\n","protected":false},"author":1,"featured_media":0,"parent":0,"menu_order":0,"comment_status":"closed","ping_status":"closed","template":"","meta":{"footnotes":""},"class_list":["post-11","page","type-page","status-publish","hentry"],"_links":{"self":[{"href":"https:\/\/az-haushaltsaufloesung.de\/index.php?rest_route=\/wp\/v2\/pages\/11","targetHints":{"allow":["GET"]}}],"collection":[{"href":"https:\/\/az-haushaltsaufloesung.de\/index.php?rest_route=\/wp\/v2\/pages"}],"about":[{"href":"https:\/\/az-haushaltsaufloesung.de\/index.php?rest_route=\/wp\/v2\/types\/page"}],"author":[{"embeddable":true,"href":"https:\/\/az-haushaltsaufloesung.de\/index.php?rest_route=\/wp\/v2\/users\/1"}],"replies":[{"embeddable":true,"href":"https:\/\/az-haushaltsaufloesung.de\/index.php?rest_route=%2Fwp%2Fv2%2Fcomments&post=11"}],"version-history":[{"count":20,"href":"https:\/\/az-haushaltsaufloesung.de\/index.php?rest_route=\/wp\/v2\/pages\/11\/revisions"}],"predecessor-version":[{"id":158,"href":"https:\/\/az-haushaltsaufloesung.de\/index.php?rest_route=\/wp\/v2\/pages\/11\/revisions\/158"}],"wp:attachment":[{"href":"https:\/\/az-haushaltsaufloesung.de\/index.php?rest_route=%2Fwp%2Fv2%2Fmedia&parent=11"}],"curies":[{"name":"wp","href":"https:\/\/api.w.org\/{rel}","templated":true}]}}