{"id":32,"date":"2025-02-15T12:41:19","date_gmt":"2025-02-15T12:41:19","guid":{"rendered":"https:\/\/az-haushaltsaufloesung.de\/?page_id=32"},"modified":"2025-02-15T16:14:46","modified_gmt":"2025-02-15T16:14:46","slug":"faqs","status":"publish","type":"page","link":"https:\/\/az-haushaltsaufloesung.de\/?page_id=32","title":{"rendered":"FAQs"},"content":{"rendered":"\t\t<div data-elementor-type=\"wp-page\" data-elementor-id=\"32\" class=\"elementor elementor-32\" data-elementor-post-type=\"page\">\n\t\t\t\t<div class=\"elementor-element elementor-element-51b14c4 e-con-full e-flex e-con e-parent\" data-id=\"51b14c4\" data-element_type=\"container\">\n\t\t<div class=\"elementor-element elementor-element-101aacd e-flex e-con-boxed e-con e-child\" data-id=\"101aacd\" data-element_type=\"container\">\n\t\t\t\t\t<div class=\"e-con-inner\">\n\t\t\t\t<div class=\"elementor-element elementor-element-3dfc101 elementor-widget elementor-widget-text-editor\" data-id=\"3dfc101\" data-element_type=\"widget\" data-widget_type=\"text-editor.default\">\n\t\t\t\t<div class=\"elementor-widget-container\">\n\t\t\t\t\t\t\t\t\t<h1>FAQs<\/h1>\t\t\t\t\t\t\t\t<\/div>\n\t\t\t\t<\/div>\n\t\t\t\t\t<\/div>\n\t\t\t\t<\/div>\n\t\t<div class=\"elementor-element elementor-element-5f8b996 e-flex e-con-boxed e-con e-child\" data-id=\"5f8b996\" data-element_type=\"container\">\n\t\t\t\t\t<div class=\"e-con-inner\">\n\t\t\t\t<div class=\"elementor-element elementor-element-9d84520 elementor-widget elementor-widget-text-editor\" data-id=\"9d84520\" data-element_type=\"widget\" data-widget_type=\"text-editor.default\">\n\t\t\t\t<div class=\"elementor-widget-container\">\n\t\t\t\t\t\t\t\t\t<div class=\"entry-content clear\"><p><strong>Was ist eine Haushaltsaufl\u00f6sung?<br \/><\/strong>Bei einer Haushaltsaufl\u00f6sung wird die gesamte Wohnung oder das Haus einer Person entr\u00fcmpelt und der Hausrat wird entsorgt, so dass diese die R\u00e4ume termingerecht verlassen kann.<\/p><p><strong>Wie viel kostet eine Wohnungsaufl\u00f6sung?<br \/><\/strong>Die Kosten f\u00fcr eine Entr\u00fcmpelung sind abh\u00e4ngig von mehreren Kriterien, wie z.B. von der Anzahl der Quadratmeter, dem Verschmutzungsgrad und ob Sonderm\u00fcll (z.B. Farben, Lacke, Asbest) vorhanden sind oder ob sperrige M\u00f6bel demontiert und entsorgt werden m\u00fcssen.<\/p><p><strong>Beispielkosten f\u00fcr die Entr\u00fcmpelung:<\/strong><\/p><ol><li>a) Wohnung: F\u00fcr eine 60-80 Quadratmeter gro\u00dfe, m\u00f6blierte 3- Zimmer-Wohnung, inkl. Keller, Diele und Demontage der K\u00fcche, berechnen wir\u00a01.350\u20ac.<\/li><li>b) Haus: F\u00fcr ein ca.100 qm gro\u00dfes Haus mit Keller, Dachboden und viel Sperrm\u00fcll fallen zwischen 2500- 3000\u20ac an.<\/li><\/ol><p>Die Kosten f\u00fcr eine fachgerechte Entsorgung, Transport und Mitarbeiter- Versicherung sind bereits enthalten. Der Betrag kann durch eine Wertabrechnung weiter minimiert werden.<\/p><p><strong>Wie l\u00e4uft eine Entr\u00fcmpelung ab?<br \/><\/strong>Bei einem pers\u00f6nlichen Telefonat vereinbaren wir einen kostenfreien Besichtigungstermin, wo alle zu leitenden Aufgaben besprochen werden. Direkt im Anschluss erhalten Sie einen Kostenvoranschlag. Am vereinbarten Termin entr\u00fcmpeln wir Ihre Wohnung und \u00fcbergeben Ihnen die R\u00e4ume in einem besenreinen Zustand, d.h. wir verlassen die Wohnung leerger\u00e4umt und gefegt.<\/p><p><strong>Was wir alles entr\u00fcmpeln?<br \/><\/strong>Wir \u00fcbernehmen Entr\u00fcmpelungen von Dachb\u00f6den, Wohnungen, Ein- und Mehrfamilienh\u00e4usern, Garagen, Gartenh\u00fctten, Kellern, B\u00fcror\u00e4umen und Fabrikhallen.<\/p><p><strong>Wof\u00fcr gibt eine Wertanrechnung?<br \/><\/strong>Fallen uns bei der Vor-Ort-Besichtigung Dinge, wie antike M\u00f6bel, Elektro, gut erhaltene Kleidung, aber auch schicker Tr\u00f6del auf, machen wir Ihnen ein faires Festpreisangebot, das von Ihrer Rechnung abgezogen wird. In seltenen F\u00e4llen lassen wir auch spezielle Wertgutachter kommen.<\/p><p><strong>Muss vorher noch etwas vorbereitet werden?<br \/><\/strong>Nein. Wir kl\u00e4ren alle zu leistenden Aufgaben bei der ersten Besichtigung und k\u00fcmmern uns am vereinbarten Termin um einen reibungslosen Ablauf der Wohnungsaufl\u00f6sung.<\/p><p><strong>Wie lange dauert eine Entr\u00fcmpelung?<br \/><\/strong>Im Normalfall braucht unser Team 1-2 Tage f\u00fcr die Entr\u00fcmpelung. Es h\u00e4ngt von der Gr\u00f6\u00dfe des Objektes ab und ob Sie weitere, z.B. handwerkliche Dienste in Anspruch nehmen m\u00f6chten.<\/p><p><strong>Kann die Haushaltsaufl\u00f6sung steuerlich abgesetzt werden?<br \/><\/strong>Ja, fragen Sie gerne Ihren Steuerberater. Haushaltsnahe Dienstleistungen k\u00f6nnen n\u00e4mlich steuerlich geltend gemacht werden.<\/p><p><strong>Wie erkenne ich, ob ein Unternehmen seri\u00f6s ist?<br \/><\/strong>Bei einer Abrechnung nach Kubikmetern ist Vorsicht geboten. Ein seri\u00f6ser Anbieter vereinbart nur einen Festpreis mit Ihnen ohne weitere, versteckte Kosten.<\/p><p><strong>Warum unserer Entr\u00fcmpelungsservice der richtige ist?<br \/><\/strong>Die W\u00fcnsche unserer Kunden sind uns sehr wichtig, deshalb arbeitet unser professionelles Dienstleistungsunternehmen sehr zuverl\u00e4ssig und immer Termin genau. Wir erledigen alles im Handumdrehen, weil wir auf unsere langj\u00e4hrigen Erfahrungen vertrauen k\u00f6nnen- ganz zu Ihrer Zufriedenheit!<\/p><p><strong>AZ-Haushaltsaufloesung.de ist der richtige Ansprechpartner wenn es um Wohnungsaufl\u00f6sungen, Entr\u00fcmpelungen und Haushaltsaufl\u00f6sungen in <a href=\"https:\/\/lucid-snyder.85-214-203-69.plesk.page\/\">Krefeld<\/a>, <a href=\"https:\/\/lucid-snyder.85-214-203-69.plesk.page\/entruempelung-toenisvorst\/\">T\u00f6nisvorst<\/a>, <a href=\"https:\/\/lucid-snyder.85-214-203-69.plesk.page\/entruempelung-viersen\/\">Viersen<\/a>, <a href=\"https:\/\/lucid-snyder.85-214-203-69.plesk.page\/entruempelung-willich\/\">Willich<\/a>, <a href=\"https:\/\/lucid-snyder.85-214-203-69.plesk.page\/entruempelung-kempen\/\">Kempen<\/a>, <a href=\"https:\/\/lucid-snyder.85-214-203-69.plesk.page\/entruempelung-kaarst\/\">Kaarst<\/a>, <a href=\"https:\/\/lucid-snyder.85-214-203-69.plesk.page\/entruempelung-meerbusch\/\">Meerbusch<\/a>, <a href=\"https:\/\/lucid-snyder.85-214-203-69.plesk.page\/entruempelung-ratingen\/\">Ratingen<\/a>, <a href=\"https:\/\/lucid-snyder.85-214-203-69.plesk.page\/entruempelung-velbert\/\">Velbert<\/a>, <a href=\"https:\/\/lucid-snyder.85-214-203-69.plesk.page\/entruempelung-duesseldorf\/\">D\u00fcsseldorf<\/a>, \u00a0<a href=\"https:\/\/lucid-snyder.85-214-203-69.plesk.page\/entruempelung-neuss\/\">Neuss<\/a>, <a href=\"https:\/\/lucid-snyder.85-214-203-69.plesk.page\/entruempelung-moenchengladbach\/\">M\u00f6nchengladbach<\/a> und Umgebung geht.<\/strong><\/p><\/div>\t\t\t\t\t\t\t\t<\/div>\n\t\t\t\t<\/div>\n\t\t\t\t\t<\/div>\n\t\t\t\t<\/div>\n\t\t\t\t<\/div>\n\t\t\t\t<\/div>\n\t\t","protected":false},"excerpt":{"rendered":"<p>FAQs Was ist eine Haushaltsaufl\u00f6sung?Bei einer Haushaltsaufl\u00f6sung wird die gesamte Wohnung oder das Haus einer Person entr\u00fcmpelt und der Hausrat wird entsorgt, so dass diese die R\u00e4ume termingerecht verlassen kann. Wie viel kostet eine Wohnungsaufl\u00f6sung?Die Kosten f\u00fcr eine Entr\u00fcmpelung sind abh\u00e4ngig von mehreren Kriterien, wie z.B. von der Anzahl der Quadratmeter, dem Verschmutzungsgrad und ob [&hellip;]<\/p>\n","protected":false},"author":1,"featured_media":0,"parent":0,"menu_order":0,"comment_status":"closed","ping_status":"closed","template":"","meta":{"footnotes":""},"class_list":["post-32","page","type-page","status-publish","hentry"],"_links":{"self":[{"href":"https:\/\/az-haushaltsaufloesung.de\/index.php?rest_route=\/wp\/v2\/pages\/32","targetHints":{"allow":["GET"]}}],"collection":[{"href":"https:\/\/az-haushaltsaufloesung.de\/index.php?rest_route=\/wp\/v2\/pages"}],"about":[{"href":"https:\/\/az-haushaltsaufloesung.de\/index.php?rest_route=\/wp\/v2\/types\/page"}],"author":[{"embeddable":true,"href":"https:\/\/az-haushaltsaufloesung.de\/index.php?rest_route=\/wp\/v2\/users\/1"}],"replies":[{"embeddable":true,"href":"https:\/\/az-haushaltsaufloesung.de\/index.php?rest_route=%2Fwp%2Fv2%2Fcomments&post=32"}],"version-history":[{"count":8,"href":"https:\/\/az-haushaltsaufloesung.de\/index.php?rest_route=\/wp\/v2\/pages\/32\/revisions"}],"predecessor-version":[{"id":95,"href":"https:\/\/az-haushaltsaufloesung.de\/index.php?rest_route=\/wp\/v2\/pages\/32\/revisions\/95"}],"wp:attachment":[{"href":"https:\/\/az-haushaltsaufloesung.de\/index.php?rest_route=%2Fwp%2Fv2%2Fmedia&parent=32"}],"curies":[{"name":"wp","href":"https:\/\/api.w.org\/{rel}","templated":true}]}}