{"id":42,"date":"2025-02-15T12:42:26","date_gmt":"2025-02-15T12:42:26","guid":{"rendered":"https:\/\/az-haushaltsaufloesung.de\/?page_id=42"},"modified":"2025-02-15T16:41:19","modified_gmt":"2025-02-15T16:41:19","slug":"links","status":"publish","type":"page","link":"https:\/\/az-haushaltsaufloesung.de\/?page_id=42","title":{"rendered":"Links"},"content":{"rendered":"\t\t<div data-elementor-type=\"wp-page\" data-elementor-id=\"42\" class=\"elementor elementor-42\" data-elementor-post-type=\"page\">\n\t\t\t\t<div class=\"elementor-element elementor-element-fc89b7f e-flex e-con-boxed e-con e-parent\" data-id=\"fc89b7f\" data-element_type=\"container\">\n\t\t\t\t\t<div class=\"e-con-inner\">\n\t\t<div class=\"elementor-element elementor-element-caa742c e-con-full e-flex e-con e-child\" data-id=\"caa742c\" data-element_type=\"container\">\n\t\t\t\t<div class=\"elementor-element elementor-element-ec6faeb elementor-widget elementor-widget-text-editor\" data-id=\"ec6faeb\" data-element_type=\"widget\" data-widget_type=\"text-editor.default\">\n\t\t\t\t<div class=\"elementor-widget-container\">\n\t\t\t\t\t\t\t\t\t<h1>Links<\/h1>\t\t\t\t\t\t\t\t<\/div>\n\t\t\t\t<\/div>\n\t\t\t\t<\/div>\n\t\t<div class=\"elementor-element elementor-element-ac6fe29 e-con-full e-flex e-con e-child\" data-id=\"ac6fe29\" data-element_type=\"container\">\n\t\t\t\t<div class=\"elementor-element elementor-element-e8bef70 elementor-widget elementor-widget-text-editor\" data-id=\"e8bef70\" data-element_type=\"widget\" data-widget_type=\"text-editor.default\">\n\t\t\t\t<div class=\"elementor-widget-container\">\n\t\t\t\t\t\t\t\t\t<p><b>Hier finden Sie einige Link Empfehlungen von uns:<\/b><\/p>\t\t\t\t\t\t\t\t<\/div>\n\t\t\t\t<\/div>\n\t\t\t\t<\/div>\n\t\t<div class=\"elementor-element elementor-element-b5088f2 e-con-full e-flex e-con e-child\" data-id=\"b5088f2\" data-element_type=\"container\">\n\t\t\t\t<div class=\"elementor-element elementor-element-afbc490 elementor-widget elementor-widget-text-editor\" data-id=\"afbc490\" data-element_type=\"widget\" data-widget_type=\"text-editor.default\">\n\t\t\t\t<div class=\"elementor-widget-container\">\n\t\t\t\t\t\t\t\t\t<p><a href=\"https:\/\/www.installateur-willich.de\/\">www.installateur-willich.de<\/a><br \/><a class=\"link\" title=\"\" href=\"https:\/\/www.reinigungsfirma-rollo.de\/\" target=\"_blank\" rel=\"noopener noreferrer\">www.reinigungsfirma-rollo.de<\/a><br \/><a class=\"link\" title=\"\" href=\"https:\/\/www.gebaeudereinigung-viersen.de\" target=\"_blank\" rel=\"noopener noreferrer\">www.gebaeudereinigung-viersen.de<\/a><br \/><a class=\"link\" title=\"\" href=\"https:\/\/www.gebaeudereinigung-krefeld.com\/\" target=\"_blank\" rel=\"noopener noreferrer\">www.gebaeudereinigung-krefeld.com<\/a><\/p>\t\t\t\t\t\t\t\t<\/div>\n\t\t\t\t<\/div>\n\t\t\t\t<\/div>\n\t\t<div class=\"elementor-element elementor-element-e19c83a e-con-full e-flex e-con e-child\" data-id=\"e19c83a\" data-element_type=\"container\">\n\t\t\t\t<div class=\"elementor-element elementor-element-b3f4d86 elementor-widget elementor-widget-text-editor\" data-id=\"b3f4d86\" data-element_type=\"widget\" data-widget_type=\"text-editor.default\">\n\t\t\t\t<div class=\"elementor-widget-container\">\n\t\t\t\t\t\t\t\t\t<p><b>Haftung f\u00fcr Links<\/b><\/p>\t\t\t\t\t\t\t\t<\/div>\n\t\t\t\t<\/div>\n\t\t\t\t<\/div>\n\t\t<div class=\"elementor-element elementor-element-cc465dc e-con-full e-flex e-con e-child\" data-id=\"cc465dc\" data-element_type=\"container\">\n\t\t\t\t<div class=\"elementor-element elementor-element-24d39d9 elementor-widget elementor-widget-text-editor\" data-id=\"24d39d9\" data-element_type=\"widget\" data-widget_type=\"text-editor.default\">\n\t\t\t\t<div class=\"elementor-widget-container\">\n\t\t\t\t\t\t\t\t\t<p>Unser Angebot enth\u00e4lt Links zu externen Webseiten Dritter, auf deren Inhalte wir keinen Einfluss haben. Deshalb k\u00f6nnen wir f\u00fcr diese fremden Inhalte auch keine Gew\u00e4hr \u00fcbernehmen. F\u00fcr die Inhalte der verlinkten Seiten ist stets der jeweilige Anbieter oder Betreiber der Seiten verantwortlich. Die verlinkten Seiten wurden zum Zeitpunkt der Verlinkung auf m\u00f6gliche Rechtsverst\u00f6\u00dfe \u00fcberpr\u00fcft. Rechtswidrige Inhalte waren zum Zeitpunkt der Verlinkung nicht erkennbar. Eine permanente inhaltliche Kontrolle der verlinkten Seiten ist jedoch ohne konkrete Anhaltspunkte einer Rechtsverletzung nicht zumutbar. Bei Bekanntwerden von Rechtsverletzungen werden wir derartige Links umgehend entfernen.<\/p>\t\t\t\t\t\t\t\t<\/div>\n\t\t\t\t<\/div>\n\t\t\t\t<\/div>\n\t\t\t\t\t<\/div>\n\t\t\t\t<\/div>\n\t\t\t\t<\/div>\n\t\t","protected":false},"excerpt":{"rendered":"<p>Links Hier finden Sie einige Link Empfehlungen von uns: www.installateur-willich.dewww.reinigungsfirma-rollo.dewww.gebaeudereinigung-viersen.dewww.gebaeudereinigung-krefeld.com Haftung f\u00fcr Links Unser Angebot enth\u00e4lt Links zu externen Webseiten Dritter, auf deren Inhalte wir keinen Einfluss haben. Deshalb k\u00f6nnen wir f\u00fcr diese fremden Inhalte auch keine Gew\u00e4hr \u00fcbernehmen. F\u00fcr die Inhalte der verlinkten Seiten ist stets der jeweilige Anbieter oder Betreiber der Seiten verantwortlich. [&hellip;]<\/p>\n","protected":false},"author":1,"featured_media":0,"parent":0,"menu_order":0,"comment_status":"closed","ping_status":"closed","template":"","meta":{"footnotes":""},"class_list":["post-42","page","type-page","status-publish","hentry"],"_links":{"self":[{"href":"https:\/\/az-haushaltsaufloesung.de\/index.php?rest_route=\/wp\/v2\/pages\/42","targetHints":{"allow":["GET"]}}],"collection":[{"href":"https:\/\/az-haushaltsaufloesung.de\/index.php?rest_route=\/wp\/v2\/pages"}],"about":[{"href":"https:\/\/az-haushaltsaufloesung.de\/index.php?rest_route=\/wp\/v2\/types\/page"}],"author":[{"embeddable":true,"href":"https:\/\/az-haushaltsaufloesung.de\/index.php?rest_route=\/wp\/v2\/users\/1"}],"replies":[{"embeddable":true,"href":"https:\/\/az-haushaltsaufloesung.de\/index.php?rest_route=%2Fwp%2Fv2%2Fcomments&post=42"}],"version-history":[{"count":8,"href":"https:\/\/az-haushaltsaufloesung.de\/index.php?rest_route=\/wp\/v2\/pages\/42\/revisions"}],"predecessor-version":[{"id":162,"href":"https:\/\/az-haushaltsaufloesung.de\/index.php?rest_route=\/wp\/v2\/pages\/42\/revisions\/162"}],"wp:attachment":[{"href":"https:\/\/az-haushaltsaufloesung.de\/index.php?rest_route=%2Fwp%2Fv2%2Fmedia&parent=42"}],"curies":[{"name":"wp","href":"https:\/\/api.w.org\/{rel}","templated":true}]}}